{"id":33,"date":"2025-09-05T15:39:18","date_gmt":"2025-09-05T13:39:18","guid":{"rendered":"http:\/\/51.68.10.132\/?page_id=33"},"modified":"2026-03-01T20:45:57","modified_gmt":"2026-03-01T19:45:57","slug":"contacts-et-reglement","status":"publish","type":"page","link":"https:\/\/www.vousnousensemble.ovh\/index.php\/contacts-et-reglement\/","title":{"rendered":"Contacts et r\u00e8glement"},"content":{"rendered":"\n<p class=\"has-ast-global-color-4-color has-vivid-cyan-blue-to-vivid-purple-gradient-background has-text-color has-background has-medium-font-size\">                                                                      <strong>Pour me consulter c&rsquo;est tr\u00e8s simple<\/strong><\/p>\n\n\n\n<p class=\"has-text-align-center has-ast-global-color-4-color has-vivid-cyan-blue-to-vivid-purple-gradient-background has-text-color has-background has-medium-font-size\"><strong>ATTENTION IMPORTANT<\/strong><br><strong>NE FAIRE AUCUN REGLEMENT SANS AVOIR PRIS CONTACT AVEC MOI<\/strong><br><strong>Je vous r\u00e9ponds dans les 24 heures<\/strong><br>                                                                                                                                                           <strong>\u00c0 tr\u00e8s bient\u00f4t<\/strong><br><\/p>\n\n\n\n<p class=\"has-ast-global-color-4-color has-vivid-cyan-blue-to-vivid-purple-gradient-background has-text-color has-background has-link-color has-medium-font-size wp-elements-8f716f96267f46addc86facbeb645a3e\"><strong>T\u00e9l\u00e9phone\u00a0: 06.21.96.67.35<\/strong><br>Par mail\u00a0: <a href=\"mailto:eveilleusedintuition@gmail.com\" data-type=\"URL\" data-id=\"eveilleusedintuition@gmail.com\">eveilleusedintuition@gmail.com<\/a><\/p>\n\n\n\n<p class=\"has-ast-global-color-4-color has-vivid-cyan-blue-to-vivid-purple-gradient-background has-text-color has-background has-medium-font-size\"><strong>                                  Le paiement est s\u00e9curis\u00e9 par la plate-forme de paiement en ligne PayPal&nbsp;&nbsp;<\/strong><br>Merci de cliquer sur le bouton \u00ab\u00a0PayPal\u00a0\u00bb si vous avez un compte ou sur \u00ab\u00a0CHECKOUT\u00a0\u00bb si vous souhaitez payer avec votre carte bancaire                             ci-dessous afin de payer votre prestation<\/p>\n\n\n\n<script \n  src=\"https:\/\/www.paypal.com\/sdk\/js?client-id=BAA8rqfs7ez90w76vq6Xrp2t90SBau11gNPqpO0RVvPWcnY_Pr7AC0pzcLM2y1FE9fkQgkc91bLnHcKnSk&#038;components=hosted-buttons&#038;disable-funding=venmo&#038;currency=EUR\">\n<\/script>\n\n<div id=\"paypal-container-S3HSZ6TD4H5DA\"><\/div>\n<script>\n  paypal.HostedButtons({\n    hostedButtonId: \"S3HSZ6TD4H5DA\",\n  }).render(\"#paypal-container-S3HSZ6TD4H5DA\")\n<\/script>\n\n\n\n<p class=\"has-ast-global-color-4-color has-vivid-cyan-blue-to-vivid-purple-gradient-background has-text-color has-background has-medium-font-size\"><strong>Mes Tarifs<\/strong>&nbsp;<br><strong>Consultation&nbsp;: par t\u00e9l\u00e9phone, mail<\/strong><br><strong>Une question&nbsp;: 25 \u20ac&nbsp;&nbsp; 30 minutes<\/strong><br><strong>Compl\u00e8te&nbsp;: &nbsp;45&nbsp;\u20ac &nbsp; &nbsp;1heure<\/strong><\/p>\n\n\n\n<p class=\"has-ast-global-color-4-color has-vivid-cyan-blue-to-vivid-purple-gradient-background has-text-color has-background has-medium-font-size\"><strong>Je m&rsquo;interdis tout pronostic formel li\u00e9 \u00e0 la sant\u00e9, ainsi que toute pr\u00e9diction relative \u00e0 un d\u00e9c\u00e8s<\/strong><br><strong><em>Je ne fais pas de voyance sur les personnes mineures<\/em><\/strong><\/p>\n","protected":false},"excerpt":{"rendered":"<p>Pour me consulter c&rsquo;est tr\u00e8s simple ATTENTION IMPORTANTNE FAIRE AUCUN REGLEMENT SANS AVOIR PRIS CONTACT AVEC MOIJe vous r\u00e9ponds dans [&hellip;]<\/p>\n","protected":false},"author":2,"featured_media":0,"parent":0,"menu_order":3,"comment_status":"closed","ping_status":"closed","template":"","meta":{"site-sidebar-layout":"default","site-content-layout":"","ast-site-content-layout":"default","site-content-style":"default","site-sidebar-style":"default","ast-global-header-display":"","ast-banner-title-visibility":"","ast-main-header-display":"","ast-hfb-above-header-display":"","ast-hfb-below-header-display":"","ast-hfb-mobile-header-display":"","site-post-title":"disabled","ast-breadcrumbs-content":"","ast-featured-img":"","footer-sml-layout":"","theme-transparent-header-meta":"","adv-header-id-meta":"","stick-header-meta":"","header-above-stick-meta":"","header-main-stick-meta":"","header-below-stick-meta":"","astra-migrate-meta-layouts":"default","ast-page-background-enabled":"default","ast-page-background-meta":{"desktop":{"background-color":"var(--ast-global-color-5)","background-image":"","background-repeat":"repeat","background-position":"center center","background-size":"auto","background-attachment":"scroll","background-type":"","background-media":"","overlay-type":"","overlay-color":"","overlay-opacity":"","overlay-gradient":""},"tablet":{"background-color":"","background-image":"","background-repeat":"repeat","background-position":"center center","background-size":"auto","background-attachment":"scroll","background-type":"","background-media":"","overlay-type":"","overlay-color":"","overlay-opacity":"","overlay-gradient":""},"mobile":{"background-color":"","background-image":"","background-repeat":"repeat","background-position":"center center","background-size":"auto","background-attachment":"scroll","background-type":"","background-media":"","overlay-type":"","overlay-color":"","overlay-opacity":"","overlay-gradient":""}},"ast-content-background-meta":{"desktop":{"background-color":"var(--ast-global-color-4)","background-image":"","background-repeat":"repeat","background-position":"center center","background-size":"auto","background-attachment":"scroll","background-type":"","background-media":"","overlay-type":"","overlay-color":"","overlay-opacity":"","overlay-gradient":""},"tablet":{"background-color":"var(--ast-global-color-4)","background-image":"","background-repeat":"repeat","background-position":"center center","background-size":"auto","background-attachment":"scroll","background-type":"","background-media":"","overlay-type":"","overlay-color":"","overlay-opacity":"","overlay-gradient":""},"mobile":{"background-color":"var(--ast-global-color-4)","background-image":"","background-repeat":"repeat","background-position":"center center","background-size":"auto","background-attachment":"scroll","background-type":"","background-media":"","overlay-type":"","overlay-color":"","overlay-opacity":"","overlay-gradient":""}},"footnotes":""},"class_list":["post-33","page","type-page","status-publish","hentry"],"_links":{"self":[{"href":"https:\/\/www.vousnousensemble.ovh\/index.php\/wp-json\/wp\/v2\/pages\/33","targetHints":{"allow":["GET"]}}],"collection":[{"href":"https:\/\/www.vousnousensemble.ovh\/index.php\/wp-json\/wp\/v2\/pages"}],"about":[{"href":"https:\/\/www.vousnousensemble.ovh\/index.php\/wp-json\/wp\/v2\/types\/page"}],"author":[{"embeddable":true,"href":"https:\/\/www.vousnousensemble.ovh\/index.php\/wp-json\/wp\/v2\/users\/2"}],"replies":[{"embeddable":true,"href":"https:\/\/www.vousnousensemble.ovh\/index.php\/wp-json\/wp\/v2\/comments?post=33"}],"version-history":[{"count":7,"href":"https:\/\/www.vousnousensemble.ovh\/index.php\/wp-json\/wp\/v2\/pages\/33\/revisions"}],"predecessor-version":[{"id":59,"href":"https:\/\/www.vousnousensemble.ovh\/index.php\/wp-json\/wp\/v2\/pages\/33\/revisions\/59"}],"wp:attachment":[{"href":"https:\/\/www.vousnousensemble.ovh\/index.php\/wp-json\/wp\/v2\/media?parent=33"}],"curies":[{"name":"wp","href":"https:\/\/api.w.org\/{rel}","templated":true}]}}