{"id":28,"date":"2025-09-05T15:34:03","date_gmt":"2025-09-05T13:34:03","guid":{"rendered":"http:\/\/51.68.10.132\/?page_id=28"},"modified":"2025-09-10T12:41:17","modified_gmt":"2025-09-10T10:41:17","slug":"temoignages-et-avis","status":"publish","type":"page","link":"https:\/\/www.vousnousensemble.ovh\/index.php\/temoignages-et-avis\/","title":{"rendered":"T\u00e9moignages et avis"},"content":{"rendered":"\n<figure class=\"wp-block-image size-full is-resized\"><img loading=\"lazy\" decoding=\"async\" width=\"900\" height=\"551\" src=\"https:\/\/www.vousnousensemble.ovh\/wp-content\/uploads\/2025\/09\/Image-autonne-lumiere02.webp\" alt=\"\" class=\"wp-image-16\" style=\"width:1200px;height:auto\" srcset=\"https:\/\/www.vousnousensemble.ovh\/wp-content\/uploads\/2025\/09\/Image-autonne-lumiere02.webp 900w, https:\/\/www.vousnousensemble.ovh\/wp-content\/uploads\/2025\/09\/Image-autonne-lumiere02-300x184.webp 300w, https:\/\/www.vousnousensemble.ovh\/wp-content\/uploads\/2025\/09\/Image-autonne-lumiere02-768x470.webp 768w\" sizes=\"auto, (max-width: 900px) 100vw, 900px\" \/><\/figure>\n\n\n\n<p class=\"has-white-color has-cool-to-warm-spectrum-gradient-background has-text-color has-background has-medium-font-size\"><em>La rencontre avec Ghislaine a \u00e9t\u00e9 une v\u00e9ritable bouff\u00e9e d\u2019air. Ses guidances m\u2019ont permis de voir plus clair dans une p\u00e9riode de doute et de retrouver confiance en mes propres choix. Merci pour cette bienveillance et cette lumi\u00e8re. <\/em>&nbsp;&nbsp;Sophie D.<\/p>\n\n\n\n<p class=\"has-white-color has-cool-to-warm-spectrum-gradient-background has-text-color has-background has-medium-font-size\"><em>Je suis arriv\u00e9e avec beaucoup de questions et de confusion. Gr\u00e2ce aux cartes et \u00e0 la douceur de Ghislaine, j\u2019ai trouv\u00e9 des r\u00e9ponses mais surtout une s\u00e9r\u00e9nit\u00e9 int\u00e9rieure que je n\u2019avais pas ressentie depuis longtemps. <\/em>&nbsp;&nbsp;Marc L.<\/p>\n\n\n\n<p class=\"has-white-color has-cool-to-warm-spectrum-gradient-background has-text-color has-background has-medium-font-size\"><em>Ce que j\u2019ai aim\u00e9 dans l\u2019accompagnement de Ghislaine, c\u2019est que rien n\u2019\u00e9tait impos\u00e9. Les cartes m\u2019ont simplement aid\u00e9e \u00e0 me reconnecter \u00e0 mon intuition. J\u2019ai eu l\u2019impression de me retrouver moi-m\u00eame. <\/em>&nbsp;Claire P.<\/p>\n\n\n\n<p class=\"has-white-color has-cool-to-warm-spectrum-gradient-background has-text-color has-background has-medium-font-size\"><em>Ghislaine a un don incroyable pour mettre les mots justes sur nos ressentis. Ses guidances sont \u00e0 la fois pr\u00e9cises et apaisantes. J\u2019en ressors toujours avec plus de clart\u00e9 et d\u2019\u00e9nergie positive. <\/em>&nbsp;&nbsp;\u00c9lodie R.<\/p>\n\n\n\n<p class=\"has-white-color has-cool-to-warm-spectrum-gradient-background has-text-color has-background has-medium-font-size\"><em>&nbsp;Une exp\u00e9rience unique. Ghislaine m\u2019a aid\u00e9 \u00e0 traverser une \u00e9tape importante de ma vie en me donnant les cl\u00e9s pour avancer avec confiance. Je recommande \u00e0 toutes les personnes en qu\u00eate de sens et de lumi\u00e8re. <\/em>&nbsp;Julien M.<\/p>\n","protected":false},"excerpt":{"rendered":"<p>La rencontre avec Ghislaine a \u00e9t\u00e9 une v\u00e9ritable bouff\u00e9e d\u2019air. Ses guidances m\u2019ont permis de voir plus clair dans une [&hellip;]<\/p>\n","protected":false},"author":2,"featured_media":0,"parent":0,"menu_order":2,"comment_status":"closed","ping_status":"closed","template":"","meta":{"site-sidebar-layout":"default","site-content-layout":"","ast-site-content-layout":"default","site-content-style":"default","site-sidebar-style":"default","ast-global-header-display":"","ast-banner-title-visibility":"","ast-main-header-display":"","ast-hfb-above-header-display":"","ast-hfb-below-header-display":"","ast-hfb-mobile-header-display":"","site-post-title":"disabled","ast-breadcrumbs-content":"","ast-featured-img":"","footer-sml-layout":"","theme-transparent-header-meta":"","adv-header-id-meta":"","stick-header-meta":"","header-above-stick-meta":"","header-main-stick-meta":"","header-below-stick-meta":"","astra-migrate-meta-layouts":"default","ast-page-background-enabled":"default","ast-page-background-meta":{"desktop":{"background-color":"var(--ast-global-color-5)","background-image":"","background-repeat":"repeat","background-position":"center center","background-size":"auto","background-attachment":"scroll","background-type":"","background-media":"","overlay-type":"","overlay-color":"","overlay-opacity":"","overlay-gradient":""},"tablet":{"background-color":"","background-image":"","background-repeat":"repeat","background-position":"center center","background-size":"auto","background-attachment":"scroll","background-type":"","background-media":"","overlay-type":"","overlay-color":"","overlay-opacity":"","overlay-gradient":""},"mobile":{"background-color":"","background-image":"","background-repeat":"repeat","background-position":"center center","background-size":"auto","background-attachment":"scroll","background-type":"","background-media":"","overlay-type":"","overlay-color":"","overlay-opacity":"","overlay-gradient":""}},"ast-content-background-meta":{"desktop":{"background-color":"var(--ast-global-color-4)","background-image":"","background-repeat":"repeat","background-position":"center center","background-size":"auto","background-attachment":"scroll","background-type":"","background-media":"","overlay-type":"","overlay-color":"","overlay-opacity":"","overlay-gradient":""},"tablet":{"background-color":"var(--ast-global-color-4)","background-image":"","background-repeat":"repeat","background-position":"center center","background-size":"auto","background-attachment":"scroll","background-type":"","background-media":"","overlay-type":"","overlay-color":"","overlay-opacity":"","overlay-gradient":""},"mobile":{"background-color":"var(--ast-global-color-4)","background-image":"","background-repeat":"repeat","background-position":"center center","background-size":"auto","background-attachment":"scroll","background-type":"","background-media":"","overlay-type":"","overlay-color":"","overlay-opacity":"","overlay-gradient":""}},"footnotes":""},"class_list":["post-28","page","type-page","status-publish","hentry"],"_links":{"self":[{"href":"https:\/\/www.vousnousensemble.ovh\/index.php\/wp-json\/wp\/v2\/pages\/28","targetHints":{"allow":["GET"]}}],"collection":[{"href":"https:\/\/www.vousnousensemble.ovh\/index.php\/wp-json\/wp\/v2\/pages"}],"about":[{"href":"https:\/\/www.vousnousensemble.ovh\/index.php\/wp-json\/wp\/v2\/types\/page"}],"author":[{"embeddable":true,"href":"https:\/\/www.vousnousensemble.ovh\/index.php\/wp-json\/wp\/v2\/users\/2"}],"replies":[{"embeddable":true,"href":"https:\/\/www.vousnousensemble.ovh\/index.php\/wp-json\/wp\/v2\/comments?post=28"}],"version-history":[{"count":5,"href":"https:\/\/www.vousnousensemble.ovh\/index.php\/wp-json\/wp\/v2\/pages\/28\/revisions"}],"predecessor-version":[{"id":52,"href":"https:\/\/www.vousnousensemble.ovh\/index.php\/wp-json\/wp\/v2\/pages\/28\/revisions\/52"}],"wp:attachment":[{"href":"https:\/\/www.vousnousensemble.ovh\/index.php\/wp-json\/wp\/v2\/media?parent=28"}],"curies":[{"name":"wp","href":"https:\/\/api.w.org\/{rel}","templated":true}]}}