{"id":24,"date":"2025-09-05T15:31:03","date_gmt":"2025-09-05T13:31:03","guid":{"rendered":"http:\/\/51.68.10.132\/?page_id=24"},"modified":"2025-09-10T12:36:42","modified_gmt":"2025-09-10T10:36:42","slug":"presentation","status":"publish","type":"page","link":"https:\/\/www.vousnousensemble.ovh\/index.php\/presentation\/","title":{"rendered":"Pr\u00e9sentation"},"content":{"rendered":"\n<figure class=\"wp-block-image size-large is-style-rounded\"><img loading=\"lazy\" decoding=\"async\" width=\"1024\" height=\"577\" src=\"https:\/\/www.vousnousensemble.ovh\/wp-content\/uploads\/2025\/09\/Ste-Croix-du-Verdon-2025-06-06.03-1024x577.jpg\" alt=\"\" class=\"wp-image-18\" srcset=\"https:\/\/www.vousnousensemble.ovh\/wp-content\/uploads\/2025\/09\/Ste-Croix-du-Verdon-2025-06-06.03-1024x577.jpg 1024w, https:\/\/www.vousnousensemble.ovh\/wp-content\/uploads\/2025\/09\/Ste-Croix-du-Verdon-2025-06-06.03-300x169.jpg 300w, https:\/\/www.vousnousensemble.ovh\/wp-content\/uploads\/2025\/09\/Ste-Croix-du-Verdon-2025-06-06.03-768x432.jpg 768w, https:\/\/www.vousnousensemble.ovh\/wp-content\/uploads\/2025\/09\/Ste-Croix-du-Verdon-2025-06-06.03-1536x865.jpg 1536w, https:\/\/www.vousnousensemble.ovh\/wp-content\/uploads\/2025\/09\/Ste-Croix-du-Verdon-2025-06-06.03.jpg 1600w\" sizes=\"auto, (max-width: 1024px) 100vw, 1024px\" \/><\/figure>\n\n\n\n<p class=\"has-white-color has-cool-to-warm-spectrum-gradient-background has-text-color has-background has-medium-font-size\">Bonjour et bienvenue,<\/p>\n\n\n\n<p class=\"has-white-color has-cool-to-warm-spectrum-gradient-background has-text-color has-background has-medium-font-size\">Je m\u2019appelle <strong>Ghislaine<\/strong>. Depuis de nombreuses ann\u00e9es, j\u2019accompagne et j\u2019\u00e9coute les personnes qui viennent \u00e0 moi, en les aidant \u00e0 trouver des r\u00e9ponses, de la clart\u00e9 et de la s\u00e9r\u00e9nit\u00e9 dans leur chemin de vie.<\/p>\n\n\n\n<p class=\"has-white-color has-cool-to-warm-spectrum-gradient-background has-text-color has-background has-medium-font-size\">En tant que <strong>guide intuitive et cartomancienne<\/strong>, j\u2019utilise les cartes comme un support pr\u00e9cieux. Elles ne sont pas l\u00e0 pour imposer un avenir, mais pour r\u00e9v\u00e9ler vos ressources int\u00e9rieures, \u00e9veiller votre intuition et vous reconnecter \u00e0 votre propre boussole int\u00e9rieure.<\/p>\n\n\n\n<p class=\"has-white-color has-cool-to-warm-spectrum-gradient-background has-text-color has-background has-medium-font-size\">Aujourd\u2019hui, j\u2019ai choisi d\u2019ouvrir cet espace pour partager mes guidances avec vous, dans un esprit de confiance, de bienveillance et de simplicit\u00e9. Ici, je vous accueille tel(le) que vous \u00eates, et je vous accompagne \u00e0 avancer avec plus de lumi\u00e8re sur votre chemin.<\/p>\n","protected":false},"excerpt":{"rendered":"<p>Bonjour et bienvenue, Je m\u2019appelle Ghislaine. Depuis de nombreuses ann\u00e9es, j\u2019accompagne et j\u2019\u00e9coute les personnes qui viennent \u00e0 moi, en [&hellip;]<\/p>\n","protected":false},"author":2,"featured_media":0,"parent":0,"menu_order":1,"comment_status":"closed","ping_status":"closed","template":"","meta":{"site-sidebar-layout":"default","site-content-layout":"","ast-site-content-layout":"default","site-content-style":"default","site-sidebar-style":"default","ast-global-header-display":"","ast-banner-title-visibility":"","ast-main-header-display":"","ast-hfb-above-header-display":"","ast-hfb-below-header-display":"","ast-hfb-mobile-header-display":"","site-post-title":"disabled","ast-breadcrumbs-content":"","ast-featured-img":"","footer-sml-layout":"","theme-transparent-header-meta":"","adv-header-id-meta":"","stick-header-meta":"","header-above-stick-meta":"","header-main-stick-meta":"","header-below-stick-meta":"","astra-migrate-meta-layouts":"default","ast-page-background-enabled":"default","ast-page-background-meta":{"desktop":{"background-color":"var(--ast-global-color-5)","background-image":"","background-repeat":"repeat","background-position":"center center","background-size":"auto","background-attachment":"scroll","background-type":"","background-media":"","overlay-type":"","overlay-color":"","overlay-opacity":"","overlay-gradient":""},"tablet":{"background-color":"","background-image":"","background-repeat":"repeat","background-position":"center center","background-size":"auto","background-attachment":"scroll","background-type":"","background-media":"","overlay-type":"","overlay-color":"","overlay-opacity":"","overlay-gradient":""},"mobile":{"background-color":"","background-image":"","background-repeat":"repeat","background-position":"center center","background-size":"auto","background-attachment":"scroll","background-type":"","background-media":"","overlay-type":"","overlay-color":"","overlay-opacity":"","overlay-gradient":""}},"ast-content-background-meta":{"desktop":{"background-color":"var(--ast-global-color-4)","background-image":"","background-repeat":"repeat","background-position":"center center","background-size":"auto","background-attachment":"scroll","background-type":"","background-media":"","overlay-type":"","overlay-color":"","overlay-opacity":"","overlay-gradient":""},"tablet":{"background-color":"var(--ast-global-color-4)","background-image":"","background-repeat":"repeat","background-position":"center center","background-size":"auto","background-attachment":"scroll","background-type":"","background-media":"","overlay-type":"","overlay-color":"","overlay-opacity":"","overlay-gradient":""},"mobile":{"background-color":"var(--ast-global-color-4)","background-image":"","background-repeat":"repeat","background-position":"center center","background-size":"auto","background-attachment":"scroll","background-type":"","background-media":"","overlay-type":"","overlay-color":"","overlay-opacity":"","overlay-gradient":""}},"footnotes":""},"class_list":["post-24","page","type-page","status-publish","hentry"],"_links":{"self":[{"href":"https:\/\/www.vousnousensemble.ovh\/index.php\/wp-json\/wp\/v2\/pages\/24","targetHints":{"allow":["GET"]}}],"collection":[{"href":"https:\/\/www.vousnousensemble.ovh\/index.php\/wp-json\/wp\/v2\/pages"}],"about":[{"href":"https:\/\/www.vousnousensemble.ovh\/index.php\/wp-json\/wp\/v2\/types\/page"}],"author":[{"embeddable":true,"href":"https:\/\/www.vousnousensemble.ovh\/index.php\/wp-json\/wp\/v2\/users\/2"}],"replies":[{"embeddable":true,"href":"https:\/\/www.vousnousensemble.ovh\/index.php\/wp-json\/wp\/v2\/comments?post=24"}],"version-history":[{"count":3,"href":"https:\/\/www.vousnousensemble.ovh\/index.php\/wp-json\/wp\/v2\/pages\/24\/revisions"}],"predecessor-version":[{"id":50,"href":"https:\/\/www.vousnousensemble.ovh\/index.php\/wp-json\/wp\/v2\/pages\/24\/revisions\/50"}],"wp:attachment":[{"href":"https:\/\/www.vousnousensemble.ovh\/index.php\/wp-json\/wp\/v2\/media?parent=24"}],"curies":[{"name":"wp","href":"https:\/\/api.w.org\/{rel}","templated":true}]}}