{"id":10,"date":"2025-09-05T15:22:17","date_gmt":"2025-09-05T13:22:17","guid":{"rendered":"http:\/\/51.68.10.132\/?page_id=10"},"modified":"2026-03-01T20:44:33","modified_gmt":"2026-03-01T19:44:33","slug":"accueil","status":"publish","type":"page","link":"https:\/\/www.vousnousensemble.ovh\/","title":{"rendered":"Accueil"},"content":{"rendered":"\n<figure class=\"wp-block-gallery has-nested-images columns-default is-cropped wp-block-gallery-1 is-layout-flex wp-block-gallery-is-layout-flex\">\n<figure class=\"wp-block-image size-full\"><img loading=\"lazy\" decoding=\"async\" width=\"900\" height=\"675\" data-id=\"15\" src=\"https:\/\/www.vousnousensemble.ovh\/wp-content\/uploads\/2025\/09\/Chemin-autonne-lumiere.webp\" alt=\"\" class=\"wp-image-15\" srcset=\"https:\/\/www.vousnousensemble.ovh\/wp-content\/uploads\/2025\/09\/Chemin-autonne-lumiere.webp 900w, https:\/\/www.vousnousensemble.ovh\/wp-content\/uploads\/2025\/09\/Chemin-autonne-lumiere-300x225.webp 300w, https:\/\/www.vousnousensemble.ovh\/wp-content\/uploads\/2025\/09\/Chemin-autonne-lumiere-768x576.webp 768w\" sizes=\"auto, (max-width: 900px) 100vw, 900px\" \/><\/figure>\n<\/figure>\n\n\n\n<p class=\"has-ast-global-color-4-color has-vivid-cyan-blue-to-vivid-purple-gradient-background has-text-color has-background has-link-color has-medium-font-size wp-elements-8f716f96267f46addc86facbeb645a3e\"><strong>T\u00e9l\u00e9phone\u00a0: 06.21.96.67.35<\/strong><br>Par mail\u00a0: <a href=\"mailto:eveilleusedintuition@gmail.com\" data-type=\"URL\" data-id=\"eveilleusedintuition@gmail.com\">eveilleusedintuition@gmail.com<\/a><\/p>\n\n\n\n<figure class=\"wp-block-image size-full is-resized\"><img loading=\"lazy\" decoding=\"async\" width=\"148\" height=\"148\" src=\"https:\/\/www.vousnousensemble.ovh\/wp-content\/uploads\/2025\/09\/Femme-enfant.jpg\" alt=\"\" class=\"wp-image-13\" style=\"width:194px;height:194px\"\/><\/figure>\n\n\n\n<p class=\"has-white-color has-luminous-dusk-gradient-background has-text-color has-background has-medium-font-size\">En grandissant, nous apprenons \u00e0 \u00e9couter la raison, les r\u00e8gles, les autres\u2026 et petit \u00e0 petit, nous oublions notre <strong>intuition<\/strong>. Cette petite voix int\u00e9rieure qui, pourtant, sait toujours ce qui est juste pour nous.<\/p>\n\n\n\n<figure class=\"wp-block-image size-full is-resized\"><img loading=\"lazy\" decoding=\"async\" width=\"400\" height=\"300\" src=\"https:\/\/www.vousnousensemble.ovh\/wp-content\/uploads\/2025\/09\/Tarots.jpg\" alt=\"\" class=\"wp-image-14\" style=\"width:200px;height:150px\" srcset=\"https:\/\/www.vousnousensemble.ovh\/wp-content\/uploads\/2025\/09\/Tarots.jpg 400w, https:\/\/www.vousnousensemble.ovh\/wp-content\/uploads\/2025\/09\/Tarots-300x225.jpg 300w\" sizes=\"auto, (max-width: 400px) 100vw, 400px\" \/><\/figure>\n\n\n\n<p class=\"has-white-color has-luminous-dusk-gradient-background has-text-color has-background has-medium-font-size\">Les cartes sont un guide pr\u00e9cieux : elles r\u00e9v\u00e8lent ce qui se cache en vous, ce qui demande \u00e0 \u00eatre \u00e9cout\u00e9, ressenti, explor\u00e9.<br>Elles n\u2019emp\u00eachent en rien de continuer votre chemin de vie, mais elles ouvrent une porte nouvelle, une invitation \u00e0 la curiosit\u00e9, &nbsp;\u00e0 l\u2019exploration de votre v\u00e9ritable moi.<\/p>\n\n\n\n<p class=\"has-white-color has-luminous-dusk-gradient-background has-text-color has-background has-medium-font-size\">Personne, sauf vous-m\u00eame, ne peut vous emp\u00eacher de vous d\u00e9couvrir.<br>Alors, venez tourner cette nouvelle page, entamer cette aventure int\u00e9rieure.<\/p>\n","protected":false},"excerpt":{"rendered":"<p>T\u00e9l\u00e9phone\u00a0: 06.21.96.67.35Par mail\u00a0: eveilleusedintuition@gmail.com En grandissant, nous apprenons \u00e0 \u00e9couter la raison, les r\u00e8gles, les autres\u2026 et petit \u00e0 petit, [&hellip;]<\/p>\n","protected":false},"author":2,"featured_media":0,"parent":0,"menu_order":0,"comment_status":"closed","ping_status":"closed","template":"","meta":{"site-sidebar-layout":"default","site-content-layout":"","ast-site-content-layout":"default","site-content-style":"default","site-sidebar-style":"default","ast-global-header-display":"","ast-banner-title-visibility":"","ast-main-header-display":"","ast-hfb-above-header-display":"","ast-hfb-below-header-display":"","ast-hfb-mobile-header-display":"","site-post-title":"disabled","ast-breadcrumbs-content":"","ast-featured-img":"","footer-sml-layout":"","theme-transparent-header-meta":"","adv-header-id-meta":"","stick-header-meta":"","header-above-stick-meta":"","header-main-stick-meta":"","header-below-stick-meta":"","astra-migrate-meta-layouts":"default","ast-page-background-enabled":"default","ast-page-background-meta":{"desktop":{"background-color":"var(--ast-global-color-5)","background-image":"","background-repeat":"repeat","background-position":"center center","background-size":"auto","background-attachment":"scroll","background-type":"","background-media":"","overlay-type":"","overlay-color":"","overlay-opacity":"","overlay-gradient":""},"tablet":{"background-color":"","background-image":"","background-repeat":"repeat","background-position":"center center","background-size":"auto","background-attachment":"scroll","background-type":"","background-media":"","overlay-type":"","overlay-color":"","overlay-opacity":"","overlay-gradient":""},"mobile":{"background-color":"","background-image":"","background-repeat":"repeat","background-position":"center center","background-size":"auto","background-attachment":"scroll","background-type":"","background-media":"","overlay-type":"","overlay-color":"","overlay-opacity":"","overlay-gradient":""}},"ast-content-background-meta":{"desktop":{"background-color":"var(--ast-global-color-4)","background-image":"","background-repeat":"repeat","background-position":"center center","background-size":"auto","background-attachment":"scroll","background-type":"","background-media":"","overlay-type":"","overlay-color":"","overlay-opacity":"","overlay-gradient":""},"tablet":{"background-color":"var(--ast-global-color-4)","background-image":"","background-repeat":"repeat","background-position":"center center","background-size":"auto","background-attachment":"scroll","background-type":"","background-media":"","overlay-type":"","overlay-color":"","overlay-opacity":"","overlay-gradient":""},"mobile":{"background-color":"var(--ast-global-color-4)","background-image":"","background-repeat":"repeat","background-position":"center center","background-size":"auto","background-attachment":"scroll","background-type":"","background-media":"","overlay-type":"","overlay-color":"","overlay-opacity":"","overlay-gradient":""}},"footnotes":""},"class_list":["post-10","page","type-page","status-publish","hentry"],"_links":{"self":[{"href":"https:\/\/www.vousnousensemble.ovh\/index.php\/wp-json\/wp\/v2\/pages\/10","targetHints":{"allow":["GET"]}}],"collection":[{"href":"https:\/\/www.vousnousensemble.ovh\/index.php\/wp-json\/wp\/v2\/pages"}],"about":[{"href":"https:\/\/www.vousnousensemble.ovh\/index.php\/wp-json\/wp\/v2\/types\/page"}],"author":[{"embeddable":true,"href":"https:\/\/www.vousnousensemble.ovh\/index.php\/wp-json\/wp\/v2\/users\/2"}],"replies":[{"embeddable":true,"href":"https:\/\/www.vousnousensemble.ovh\/index.php\/wp-json\/wp\/v2\/comments?post=10"}],"version-history":[{"count":13,"href":"https:\/\/www.vousnousensemble.ovh\/index.php\/wp-json\/wp\/v2\/pages\/10\/revisions"}],"predecessor-version":[{"id":58,"href":"https:\/\/www.vousnousensemble.ovh\/index.php\/wp-json\/wp\/v2\/pages\/10\/revisions\/58"}],"wp:attachment":[{"href":"https:\/\/www.vousnousensemble.ovh\/index.php\/wp-json\/wp\/v2\/media?parent=10"}],"curies":[{"name":"wp","href":"https:\/\/api.w.org\/{rel}","templated":true}]}}